{"id":1982,"date":"2025-10-01T11:27:22","date_gmt":"2025-10-01T09:27:22","guid":{"rendered":"https:\/\/naia.naltis.dz\/?post_type=product&#038;p=1982"},"modified":"2025-10-01T11:37:07","modified_gmt":"2025-10-01T09:37:07","slug":"mesh-bag","status":"publish","type":"product","link":"https:\/\/naia.naltis.dz\/fr\/produit\/mesh-bag\/","title":{"rendered":"Mesh Bag"},"content":{"rendered":"","protected":false},"excerpt":{"rendered":"<p>Un sac filet crochet\u00e9, parfait pour l\u2019\u00e9t\u00e9, avec son effet ajour\u00e9 qui rappelle la plage et un style simple.<\/p>","protected":false},"featured_media":1807,"comment_status":"open","ping_status":"closed","template":"","meta":[],"product_brand":[],"product_cat":[31],"product_tag":[],"class_list":{"0":"post-1982","1":"product","2":"type-product","3":"status-publish","4":"has-post-thumbnail","6":"product_cat-bags","8":"first","9":"instock","10":"shipping-taxable","11":"purchasable","12":"product-type-variable","13":"has-default-attributes"},"jetpack_sharing_enabled":true,"_links":{"self":[{"href":"https:\/\/naia.naltis.dz\/fr\/wp-json\/wp\/v2\/product\/1982","targetHints":{"allow":["GET"]}}],"collection":[{"href":"https:\/\/naia.naltis.dz\/fr\/wp-json\/wp\/v2\/product"}],"about":[{"href":"https:\/\/naia.naltis.dz\/fr\/wp-json\/wp\/v2\/types\/product"}],"replies":[{"embeddable":true,"href":"https:\/\/naia.naltis.dz\/fr\/wp-json\/wp\/v2\/comments?post=1982"}],"wp:featuredmedia":[{"embeddable":true,"href":"https:\/\/naia.naltis.dz\/fr\/wp-json\/wp\/v2\/media\/1807"}],"wp:attachment":[{"href":"https:\/\/naia.naltis.dz\/fr\/wp-json\/wp\/v2\/media?parent=1982"}],"wp:term":[{"taxonomy":"product_brand","embeddable":true,"href":"https:\/\/naia.naltis.dz\/fr\/wp-json\/wp\/v2\/product_brand?post=1982"},{"taxonomy":"product_cat","embeddable":true,"href":"https:\/\/naia.naltis.dz\/fr\/wp-json\/wp\/v2\/product_cat?post=1982"},{"taxonomy":"product_tag","embeddable":true,"href":"https:\/\/naia.naltis.dz\/fr\/wp-json\/wp\/v2\/product_tag?post=1982"}],"curies":[{"name":"wp","href":"https:\/\/api.w.org\/{rel}","templated":true}]}}