{"id":1929,"date":"2025-09-30T18:43:56","date_gmt":"2025-09-30T16:43:56","guid":{"rendered":"https:\/\/naia.naltis.dz\/?post_type=product&#038;p=1929"},"modified":"2025-09-30T18:47:52","modified_gmt":"2025-09-30T16:47:52","slug":"bonnet-alizee-2-2","status":"publish","type":"product","link":"https:\/\/naia.naltis.dz\/fr\/produit\/bonnet-alizee-2-2\/","title":{"rendered":"Bonnet Alizee 2"},"content":{"rendered":"","protected":false},"excerpt":{"rendered":"<p>Des bonnets crochet\u00e9s au style tourbillon qui vous r\u00e9chauffent tout en apportant de la couleur et du style \u00e0 vos tenues.<\/p>","protected":false},"featured_media":1795,"comment_status":"open","ping_status":"closed","template":"","meta":[],"product_brand":[],"product_cat":[32,81],"product_tag":[],"class_list":{"0":"post-1929","1":"product","2":"type-product","3":"status-publish","4":"has-post-thumbnail","6":"product_cat-accessories","7":"product_cat-beanies-berets","9":"first","10":"instock","11":"shipping-taxable","12":"purchasable","13":"product-type-variable","14":"has-default-attributes"},"jetpack_sharing_enabled":true,"_links":{"self":[{"href":"https:\/\/naia.naltis.dz\/fr\/wp-json\/wp\/v2\/product\/1929","targetHints":{"allow":["GET"]}}],"collection":[{"href":"https:\/\/naia.naltis.dz\/fr\/wp-json\/wp\/v2\/product"}],"about":[{"href":"https:\/\/naia.naltis.dz\/fr\/wp-json\/wp\/v2\/types\/product"}],"replies":[{"embeddable":true,"href":"https:\/\/naia.naltis.dz\/fr\/wp-json\/wp\/v2\/comments?post=1929"}],"wp:featuredmedia":[{"embeddable":true,"href":"https:\/\/naia.naltis.dz\/fr\/wp-json\/wp\/v2\/media\/1795"}],"wp:attachment":[{"href":"https:\/\/naia.naltis.dz\/fr\/wp-json\/wp\/v2\/media?parent=1929"}],"wp:term":[{"taxonomy":"product_brand","embeddable":true,"href":"https:\/\/naia.naltis.dz\/fr\/wp-json\/wp\/v2\/product_brand?post=1929"},{"taxonomy":"product_cat","embeddable":true,"href":"https:\/\/naia.naltis.dz\/fr\/wp-json\/wp\/v2\/product_cat?post=1929"},{"taxonomy":"product_tag","embeddable":true,"href":"https:\/\/naia.naltis.dz\/fr\/wp-json\/wp\/v2\/product_tag?post=1929"}],"curies":[{"name":"wp","href":"https:\/\/api.w.org\/{rel}","templated":true}]}}