{"id":1676,"date":"2025-09-11T07:16:07","date_gmt":"2025-09-11T05:16:07","guid":{"rendered":"https:\/\/naia.naltis.dz\/?post_type=product&#038;p=1676"},"modified":"2025-09-30T19:31:40","modified_gmt":"2025-09-30T17:31:40","slug":"summer-top","status":"publish","type":"product","link":"https:\/\/naia.naltis.dz\/fr\/produit\/summer-top\/","title":{"rendered":"Summer Top"},"content":{"rendered":"","protected":false},"excerpt":{"rendered":"<p>Un haut crochet\u00e9 au style bandeau, orn\u00e9 d\u2019une d\u00e9licate fleur au centre et sublim\u00e9 par une maille filet \u00e9l\u00e9gante. L\u00e9ger et a\u00e9r\u00e9, il est parfait pour l\u2019\u00e9t\u00e9 et apporte une touche boh\u00e8me et originale \u00e0 vos tenues.<\/p>","protected":false},"featured_media":1677,"comment_status":"open","ping_status":"closed","template":"","meta":[],"product_brand":[],"product_cat":[33],"product_tag":[],"class_list":{"0":"post-1676","1":"product","2":"type-product","3":"status-publish","4":"has-post-thumbnail","6":"product_cat-t-shirts","8":"first","9":"instock","10":"shipping-taxable","11":"purchasable","12":"product-type-variable","13":"has-default-attributes"},"jetpack_sharing_enabled":true,"_links":{"self":[{"href":"https:\/\/naia.naltis.dz\/fr\/wp-json\/wp\/v2\/product\/1676","targetHints":{"allow":["GET"]}}],"collection":[{"href":"https:\/\/naia.naltis.dz\/fr\/wp-json\/wp\/v2\/product"}],"about":[{"href":"https:\/\/naia.naltis.dz\/fr\/wp-json\/wp\/v2\/types\/product"}],"replies":[{"embeddable":true,"href":"https:\/\/naia.naltis.dz\/fr\/wp-json\/wp\/v2\/comments?post=1676"}],"wp:featuredmedia":[{"embeddable":true,"href":"https:\/\/naia.naltis.dz\/fr\/wp-json\/wp\/v2\/media\/1677"}],"wp:attachment":[{"href":"https:\/\/naia.naltis.dz\/fr\/wp-json\/wp\/v2\/media?parent=1676"}],"wp:term":[{"taxonomy":"product_brand","embeddable":true,"href":"https:\/\/naia.naltis.dz\/fr\/wp-json\/wp\/v2\/product_brand?post=1676"},{"taxonomy":"product_cat","embeddable":true,"href":"https:\/\/naia.naltis.dz\/fr\/wp-json\/wp\/v2\/product_cat?post=1676"},{"taxonomy":"product_tag","embeddable":true,"href":"https:\/\/naia.naltis.dz\/fr\/wp-json\/wp\/v2\/product_tag?post=1676"}],"curies":[{"name":"wp","href":"https:\/\/api.w.org\/{rel}","templated":true}]}}